{"id":349,"date":"2020-03-05T21:27:19","date_gmt":"2020-03-05T21:27:19","guid":{"rendered":"https:\/\/albero.si\/sl\/?page_id=349"},"modified":"2020-06-06T21:33:09","modified_gmt":"2020-06-06T21:33:09","slug":"prva-stran","status":"publish","type":"page","link":"https:\/\/albero.si\/sl\/","title":{"rendered":"Prva stran"},"content":{"rendered":"<p><span style=\"color: #ffffff;\">&#8211;<\/span><\/p>\n<p>Nudimo izdelave vseh vrst <strong>ventilacijskih fasad<\/strong> proizvajalcev:<\/p>\n<p><em>\u2022<strong> Alucobond<\/strong>,<br \/>\nAlucobond je kompozitna plo\u0161\u010da, izdelana iz dveh aluminijastih vrhnjih plo\u0161\u010d in plasti\u010dnega ali mineralnega polnila razli\u010dnih debelin. <\/em><em>Plo\u0161\u010de Alucobond so zelo primeren material za oblaganje fasad, nadalje tudi za stre\u0161ne obrobe, balkonske obloge, predelne stene, notranje dekoracije, razstavne prostore, ohi\u0161ja strojev in aparatov ter mnoge druge mo\u017enosti.<br \/>\n<\/em>Imajo odli\u010dne lastnosti, kot npr. izjemno ravna povr\u0161ina, velika izbira barv in enostavnost obdelave. Alucobond je bil razvit za natan\u010den, pa vendar sodobnim zgradbam prilagodljiv ovoj.<br \/>\n<a href=\"https:\/\/albero.si\/sl\/alucobond\/\"><strong><em>Ve\u010d informacij&#8230;<\/em><\/strong><\/a><\/p>\n<p><em>\u2022 <strong>Trespa<\/strong>,<br \/>\n<\/em>Sodobna tehnologija proizvodnje zagotavlja plo\u0161\u010dam izjemno vremensko odpornost. Na povr\u0161ini in skozi ves prerez so barvno in oblikovno obstojne kljub neposrednim zunanjim vplivom, kot so son\u010dna svetloba, vlaga, kisli de\u017e, zmrzovanje itd. Zaradi poobdelave s tehnologijo EBC so odporne tudi proti vplivom UV-svetlobe.<br \/>\nTrespa Meteon\u00ae so veliko-formatne in visokotla\u010dne kompaktne plo\u0161\u010de. Narejene so iz 70 % lesnih vlaken in 30 % termovezo\u010dih smol. Stisnjene so pri visoki temperaturi in pod visokim tlakom. Njihova povr\u0161ina je obarvana s posebnimi pigmenti, ki so integrirani v smole in negovana s tehnologijo EBC (Electon Beam Curing).<br \/>\n<a href=\"https:\/\/albero.si\/sl\/trespa\/\"><strong><em>Ve\u010d informacij&#8230;<\/em><\/strong><\/a><\/p>\n<p><em>\u2022 <strong>Fundermax<\/strong>,<br \/>\n<\/em>Povr\u0161inske strukture FunderMax Interior kolekcije vklju\u010dujejo \u201e mat efekt\u201c &#8211; brez prstnih odtisov, visoko sijajne in moderne lesne dekorje in dekorje plemenite betonske strukture. FunderMax kolekcija je vir\u00a0navdiha\u00a0in omogo\u010da osupljiv design\u00a0notranjega interiera. Z izjemnimi povr\u0161inskimi strukturami se dose\u017ee edinstveni izgled in otip, katerekoli pohi\u0161tve opreme ali stenske zidne obloge.<br \/>\n<a href=\"https:\/\/albero.si\/sl\/fundermax\"><strong><em>Ve\u010d informacij&#8230;<\/em><\/strong><\/a><\/p>\n<p><em>\u2022 <strong>Rieder,<\/strong><\/em><br \/>\n<em><strong>\u2022 Eternit,<br \/>\n&#8230;<\/strong><\/em><\/p>\n<p><img loading=\"lazy\" decoding=\"async\" class=\"wp-image-546 alignnone\" src=\"https:\/\/albero.si\/sl\/wp-content\/uploads\/2020\/05\/768-512.png.jpg\" alt=\"\" width=\"572\" height=\"387\" \/><\/p>\n<p>Pri izvajanju del uporabljamo najnovej\u0161o opremo, ki omogo\u010da strokovno izvedbo dolo\u010dene storitve.<br \/>\n<strong>Nudimo garancijo na svoje storitve in zagotavljamo odli\u010dnost.<\/strong><\/p>\n","protected":false},"excerpt":{"rendered":"<p>&#8211; Nudimo izdelave vseh vrst ventilacijskih fasad proizvajalcev: \u2022 Alucobond, Alucobond je kompozitna plo\u0161\u010da, izdelana iz dveh aluminijastih vrhnjih plo\u0161\u010d [&hellip;]<\/p>\n","protected":false},"author":1,"featured_media":0,"parent":0,"menu_order":1,"comment_status":"closed","ping_status":"closed","template":"","meta":{"footnotes":""},"class_list":["post-349","page","type-page","status-publish","hentry"],"yoast_head":"<!-- This site is optimized with the Yoast SEO plugin v14.2 - https:\/\/yoast.com\/wordpress\/plugins\/seo\/ -->\n<title>Prva stran - Albero.a Miran Zvonar s.p.<\/title>\n<meta name=\"robots\" content=\"index, follow\" \/>\n<meta name=\"googlebot\" content=\"index, follow, max-snippet:-1, max-image-preview:large, max-video-preview:-1\" \/>\n<meta name=\"bingbot\" content=\"index, follow, max-snippet:-1, max-image-preview:large, max-video-preview:-1\" \/>\n<link rel=\"canonical\" href=\"https:\/\/albero.si\/sl\/\" \/>\n<meta property=\"og:locale\" content=\"sl_SI\" \/>\n<meta property=\"og:type\" content=\"article\" \/>\n<meta property=\"og:title\" content=\"Prva stran - Albero.a Miran Zvonar s.p.\" \/>\n<meta property=\"og:description\" content=\"&#8211; Nudimo izdelave vseh vrst ventilacijskih fasad proizvajalcev: \u2022 Alucobond, Alucobond je kompozitna plo\u0161\u010da, izdelana iz dveh aluminijastih vrhnjih plo\u0161\u010d [&hellip;]\" \/>\n<meta property=\"og:url\" content=\"https:\/\/albero.si\/sl\/\" \/>\n<meta property=\"og:site_name\" content=\"Albero.a Miran Zvonar s.p.\" \/>\n<meta property=\"article:modified_time\" content=\"2020-06-06T21:33:09+00:00\" \/>\n<meta property=\"og:image\" content=\"https:\/\/albero.si\/sl\/wp-content\/uploads\/2020\/05\/768-512.png.jpg\" \/>\n<meta name=\"twitter:card\" content=\"summary_large_image\" \/>\n<script type=\"application\/ld+json\" class=\"yoast-schema-graph\">{\"@context\":\"https:\/\/schema.org\",\"@graph\":[{\"@type\":\"Organization\",\"@id\":\"https:\/\/albero.si\/sl\/#organization\",\"name\":\"Albero.A, Miran Zvonar s.p.\",\"url\":\"https:\/\/albero.si\/sl\/\",\"sameAs\":[],\"logo\":{\"@type\":\"ImageObject\",\"@id\":\"https:\/\/albero.si\/sl\/#logo\",\"inLanguage\":\"sl-SI\",\"url\":\"https:\/\/albero.si\/sl\/wp-content\/uploads\/2020\/05\/albero-logo_new2.jpg\",\"width\":100,\"height\":100,\"caption\":\"Albero.A, Miran Zvonar s.p.\"},\"image\":{\"@id\":\"https:\/\/albero.si\/sl\/#logo\"}},{\"@type\":\"WebSite\",\"@id\":\"https:\/\/albero.si\/sl\/#website\",\"url\":\"https:\/\/albero.si\/sl\/\",\"name\":\"Albero.a Miran Zvonar s.p.\",\"description\":\"in\\u017eeniring, interier in ventilacijske fasade\",\"publisher\":{\"@id\":\"https:\/\/albero.si\/sl\/#organization\"},\"potentialAction\":[{\"@type\":\"SearchAction\",\"target\":\"https:\/\/albero.si\/sl\/?s={search_term_string}\",\"query-input\":\"required name=search_term_string\"}],\"inLanguage\":\"sl-SI\"},{\"@type\":\"ImageObject\",\"@id\":\"https:\/\/albero.si\/sl\/#primaryimage\",\"inLanguage\":\"sl-SI\",\"url\":\"https:\/\/albero.si\/sl\/wp-content\/uploads\/2020\/05\/768-512.png.jpg\",\"width\":768,\"height\":512},{\"@type\":\"WebPage\",\"@id\":\"https:\/\/albero.si\/sl\/#webpage\",\"url\":\"https:\/\/albero.si\/sl\/\",\"name\":\"Prva stran - Albero.a Miran Zvonar s.p.\",\"isPartOf\":{\"@id\":\"https:\/\/albero.si\/sl\/#website\"},\"primaryImageOfPage\":{\"@id\":\"https:\/\/albero.si\/sl\/#primaryimage\"},\"datePublished\":\"2020-03-05T21:27:19+00:00\",\"dateModified\":\"2020-06-06T21:33:09+00:00\",\"inLanguage\":\"sl-SI\",\"potentialAction\":[{\"@type\":\"ReadAction\",\"target\":[\"https:\/\/albero.si\/sl\/\"]}]}]}<\/script>\n<!-- \/ Yoast SEO plugin. -->","_links":{"self":[{"href":"https:\/\/albero.si\/sl\/wp-json\/wp\/v2\/pages\/349","targetHints":{"allow":["GET"]}}],"collection":[{"href":"https:\/\/albero.si\/sl\/wp-json\/wp\/v2\/pages"}],"about":[{"href":"https:\/\/albero.si\/sl\/wp-json\/wp\/v2\/types\/page"}],"author":[{"embeddable":true,"href":"https:\/\/albero.si\/sl\/wp-json\/wp\/v2\/users\/1"}],"replies":[{"embeddable":true,"href":"https:\/\/albero.si\/sl\/wp-json\/wp\/v2\/comments?post=349"}],"version-history":[{"count":25,"href":"https:\/\/albero.si\/sl\/wp-json\/wp\/v2\/pages\/349\/revisions"}],"predecessor-version":[{"id":551,"href":"https:\/\/albero.si\/sl\/wp-json\/wp\/v2\/pages\/349\/revisions\/551"}],"wp:attachment":[{"href":"https:\/\/albero.si\/sl\/wp-json\/wp\/v2\/media?parent=349"}],"curies":[{"name":"wp","href":"https:\/\/api.w.org\/{rel}","templated":true}]}}